{"id":253,"date":"2019-05-23T10:20:37","date_gmt":"2019-05-23T10:20:37","guid":{"rendered":"http:\/\/kafoana.org\/?page_id=253"},"modified":"2019-06-13T13:50:31","modified_gmt":"2019-06-13T13:50:31","slug":"a-propos","status":"publish","type":"page","link":"http:\/\/kafoana.org\/index.php\/a-propos\/","title":{"rendered":"A propos"},"content":{"rendered":"<p>[et_pb_section bb_built=\u00a0\u00bb1&Prime; admin_label=\u00a0\u00bbsection\u00a0\u00bb next_background_color=\u00a0\u00bb#000000&Prime;][et_pb_row admin_label=\u00a0\u00bbrow\u00a0\u00bb background_position=\u00a0\u00bbtop_left\u00a0\u00bb background_repeat=\u00a0\u00bbrepeat\u00a0\u00bb background_size=\u00a0\u00bbinitial\u00a0\u00bb _builder_version=\u00a0\u00bb3.13&Prime; background_color=\u00a0\u00bb#f7f7f7&Prime; custom_padding=\u00a0\u00bb20px|20px|20px|20px\u00a0\u00bb][et_pb_column type=\u00a0\u00bb4_4&Prime;][et_pb_text use_border_color=\u00a0\u00bboff\u00a0\u00bb background_position=\u00a0\u00bbtop_left\u00a0\u00bb background_repeat=\u00a0\u00bbrepeat\u00a0\u00bb background_size=\u00a0\u00bbinitial\u00a0\u00bb _builder_version=\u00a0\u00bb3.13&Prime; text_font=\u00a0\u00bbABeeZee|600|||||||\u00a0\u00bb text_text_color=\u00a0\u00bb#333333&Prime; text_font_size=\u00a0\u00bb16px\u00a0\u00bb header_font=\u00a0\u00bbAbel|700|||||||\u00a0\u00bb header_text_align=\u00a0\u00bbcenter\u00a0\u00bb header_font_size=\u00a0\u00bb44px\u00a0\u00bb header_text_color=\u00a0\u00bb#0c71c3&Prime;]<\/p>\n<h1>\u00ab\u00a0ORIGINE\u00a0\u00bb<\/h1>\n<p><strong>Ka fo Ana<\/strong>, est une association cr\u00e9\u00e9e le 14 mars 2014 dans le but de promouvoir la langue Ana qui constitue la langue parl\u00e9e dans certains villages du Togo et du Benin voire du Nigeria.<\/p>\n<p>Cr\u00e9\u00e9 par un groupe de natifs du peuple Ana r\u00e9sidant a Lom\u00e9, ce regroupement des peuples Ana a permis aux&nbsp; natifs et assimil\u00e9s de par le monde de se rappeler sur les r\u00e9seaux sociaux de leurs us et coutumes et surtout de la valeur linguistique qui les unie. Notons que cette association fut cr\u00e9\u00e9e au premier abord sur le r\u00e9seau social Facebook et a connu beaucoup d&rsquo;adh\u00e9sion, ce qui a permis aux membres de converger les membres sur une plateforme Whatsapp qui de nos jours permet d\u2019\u00e9couter des audio et de connaitre les mani\u00e8res de prononcer les mots Ana. Cette initiative a connu des soutiens par ici et par l\u00e0 d\u2019o\u00f9 est n\u00e9e l\u2019id\u00e9e de faire connaitre l\u2019association par les administrations publiques afin de pouvoir poursuivre&nbsp; ses objectifs.<\/p>\n<p><strong>Ka fo Ana<\/strong> s\u2019est alors dot\u00e9 des statuts et des r\u00e8glements int\u00e9rieurs qui lui ont permis d\u2019\u00eatre enregistr\u00e9 au Minist\u00e8re de l\u2019administration territoriale et des Collectivit\u00e9s Locales sous le <strong><em>N\u00b00352\/DOCA-SG-MATDCL du 22 Mai 2018<\/em><\/strong>.<\/p>\n<p><strong>Ka fo ANA<\/strong> a, d\u00e8s sa cr\u00e9ation, pour atteindre ses objectifs, men\u00e9 des activit\u00e9s diverses notamment dans la promotion des chants et danses traditionnelles ANA&nbsp;; c\u2019est dans ce sens qu\u2019elle a particip\u00e9 activement \u00e0 la f\u00eate traditionnelle <strong>OTI GUEN\u2019GUELE de Kaboli Edition 2016<\/strong> par l\u2019organisation d\u2019une s\u00e9ance de danse traditionnelles et le lancement du premier num\u00e9ro du Livre <strong>IWE EDE ANA<\/strong> \u00e9crit par <em>Richard Ayobami AGBO<\/em>, qui est le premier livre ANA \u00e9crit o\u00f9 on peut trouver la base de l\u2019alphabet ANA et la f\u00eate traditionnelle <strong>AGODOBI 2018<\/strong> \u00e0 Goubi en collaboration avec l\u2019Association <strong>FAGOUWHA<\/strong> de Goubi. Aussi faut-il noter la participation de l\u2019association dans des activit\u00e9s culturelles comme la soir\u00e9e <strong>AWA ODON TITON<\/strong> organis\u00e9e par le Club culturel KIKIBA de l\u2019Association <strong>ABOLIYA<\/strong>.<\/p>\n<p>[\/et_pb_text][\/et_pb_column][\/et_pb_row][\/et_pb_section][et_pb_section bb_built=\u00a0\u00bb1&Prime; specialty=\u00a0\u00bboff\u00a0\u00bb prev_background_color=\u00a0\u00bb#000000&Prime; _builder_version=\u00a0\u00bb3.13&Prime;][et_pb_row background_position=\u00a0\u00bbtop_left\u00a0\u00bb background_repeat=\u00a0\u00bbrepeat\u00a0\u00bb background_size=\u00a0\u00bbinitial\u00a0\u00bb _builder_version=\u00a0\u00bb3.13&Prime; background_color=\u00a0\u00bb#f7f7f7&Prime;][et_pb_column type=\u00a0\u00bb4_4&Prime;][et_pb_text use_border_color=\u00a0\u00bboff\u00a0\u00bb background_position=\u00a0\u00bbtop_left\u00a0\u00bb background_repeat=\u00a0\u00bbrepeat\u00a0\u00bb background_size=\u00a0\u00bbinitial\u00a0\u00bb _builder_version=\u00a0\u00bb3.13&Prime; text_font=\u00a0\u00bbABeeZee|600|||||||\u00a0\u00bb text_text_color=\u00a0\u00bb#333333&Prime; text_font_size=\u00a0\u00bb16px\u00a0\u00bb header_font=\u00a0\u00bbAbel|700|||||||\u00a0\u00bb header_text_align=\u00a0\u00bbcenter\u00a0\u00bb header_font_size=\u00a0\u00bb44px\u00a0\u00bb header_text_color=\u00a0\u00bb#006ac1&Prime; background_color=\u00a0\u00bb#f7f7f7&Prime;]<\/p>\n<h1>\u00ab\u00a0MOYENS D&rsquo;ACTIONS\u00a0\u00bb<\/h1>\n<ul>\n<li>collaborer avec les pouvoirs publics, les collectivit\u00e9s locales, les ONG, les associations et institutions tant nationales qu\u2019internationales&nbsp;;<\/li>\n<li>tenir des causeries d\u00e9bats, des conf\u00e9rences et des s\u00e9minaires&nbsp;;<\/li>\n<li>organiser des campagnes de sensibilisation, Informer, \u00c9duquer, Communiquer(IEC)&nbsp;;<\/li>\n<li>initier et r\u00e9aliser des activit\u00e9s g\u00e9n\u00e9ratrices de revenus en faveur des cibles&nbsp;;<\/li>\n<li>Mettre en \u0153uvre des actions de d\u00e9veloppement par la conception, l\u2019\u00e9laboration, l\u2019ex\u00e9cution, le suivi, l\u2019\u00e9valuation et le contr\u00f4le de projets et programmes de d\u00e9veloppement&nbsp;;<\/li>\n<li>organiser des travaux communautaires&nbsp;;<\/li>\n<li>cr\u00e9er un centre acad\u00e9mique d\u2019\u00e9coute socioculturel et professionnel&nbsp;;<\/li>\n<li>participer aux \u00e9missions de radio et de t\u00e9l\u00e9vision&nbsp;;<\/li>\n<li>r\u00e9diger des rapports et des m\u00e9moires, etc.<\/li>\n<\/ul>\n<p>[\/et_pb_text][\/et_pb_column][\/et_pb_row][\/et_pb_section]<\/p>\n","protected":false},"excerpt":{"rendered":"<p>[et_pb_section bb_built=\u00a0\u00bb1&Prime; admin_label=\u00a0\u00bbsection\u00a0\u00bb next_background_color=\u00a0\u00bb#000000&Prime;][et_pb_row admin_label=\u00a0\u00bbrow\u00a0\u00bb background_position=\u00a0\u00bbtop_left\u00a0\u00bb background_repeat=\u00a0\u00bbrepeat\u00a0\u00bb background_size=\u00a0\u00bbinitial\u00a0\u00bb _builder_version=\u00a0\u00bb3.13&Prime; background_color=\u00a0\u00bb#f7f7f7&Prime; custom_padding=\u00a0\u00bb20px|20px|20px|20px\u00a0\u00bb][et_pb_column type=\u00a0\u00bb4_4&Prime;][et_pb_text use_border_color=\u00a0\u00bboff\u00a0\u00bb background_position=\u00a0\u00bbtop_left\u00a0\u00bb background_repeat=\u00a0\u00bbrepeat\u00a0\u00bb background_size=\u00a0\u00bbinitial\u00a0\u00bb _builder_version=\u00a0\u00bb3.13&Prime; text_font=\u00a0\u00bbABeeZee|600|||||||\u00a0\u00bb text_text_color=\u00a0\u00bb#333333&Prime; text_font_size=\u00a0\u00bb16px\u00a0\u00bb header_font=\u00a0\u00bbAbel|700|||||||\u00a0\u00bb header_text_align=\u00a0\u00bbcenter\u00a0\u00bb header_font_size=\u00a0\u00bb44px\u00a0\u00bb header_text_color=\u00a0\u00bb#0c71c3&Prime;] \u00ab\u00a0ORIGINE\u00a0\u00bb Ka fo Ana, est une association cr\u00e9\u00e9e le 14 mars 2014 dans le but de promouvoir la langue Ana qui constitue la langue parl\u00e9e dans certains villages du Togo et [&hellip;]<\/p>\n","protected":false},"author":2,"featured_media":0,"parent":0,"menu_order":0,"comment_status":"closed","ping_status":"closed","template":"","meta":{"footnotes":""},"_links":{"self":[{"href":"http:\/\/kafoana.org\/index.php\/wp-json\/wp\/v2\/pages\/253"}],"collection":[{"href":"http:\/\/kafoana.org\/index.php\/wp-json\/wp\/v2\/pages"}],"about":[{"href":"http:\/\/kafoana.org\/index.php\/wp-json\/wp\/v2\/types\/page"}],"author":[{"embeddable":true,"href":"http:\/\/kafoana.org\/index.php\/wp-json\/wp\/v2\/users\/2"}],"replies":[{"embeddable":true,"href":"http:\/\/kafoana.org\/index.php\/wp-json\/wp\/v2\/comments?post=253"}],"version-history":[{"count":10,"href":"http:\/\/kafoana.org\/index.php\/wp-json\/wp\/v2\/pages\/253\/revisions"}],"predecessor-version":[{"id":464,"href":"http:\/\/kafoana.org\/index.php\/wp-json\/wp\/v2\/pages\/253\/revisions\/464"}],"wp:attachment":[{"href":"http:\/\/kafoana.org\/index.php\/wp-json\/wp\/v2\/media?parent=253"}],"curies":[{"name":"wp","href":"https:\/\/api.w.org\/{rel}","templated":true}]}}