{"id":43,"date":"2018-05-16T08:05:33","date_gmt":"2018-05-16T06:05:33","guid":{"rendered":"http:\/\/kafoana.org\/?page_id=43"},"modified":"2019-06-13T09:42:46","modified_gmt":"2019-06-13T09:42:46","slug":"nos-projets","status":"publish","type":"page","link":"http:\/\/kafoana.org\/index.php\/nos-projets\/","title":{"rendered":"Nos projets"},"content":{"rendered":"<table>\n<tbody>\n<tr>\n<td width=\"214\">\n<p style=\"text-align: center;\"><strong>PROJETS<\/strong><\/p>\n<\/td>\n<td width=\"177\">\n<p style=\"text-align: center;\"><strong>OBJECTIS<\/strong><\/p>\n<\/td>\n<td width=\"228\">\n<p style=\"text-align: left;\"><strong>RESPONSABLES<\/strong><\/p>\n<\/td>\n<\/tr>\n<tr>\n<td width=\"214\">Le projet de cr\u00e9ation de l&rsquo;<strong>Acad\u00e9mie ANA<\/strong><\/td>\n<td width=\"177\">Cr\u00e9er l\u2019acad\u00e9mie Ana, un cadre de r\u00e9flexion et de perfection de la langue Ana<\/td>\n<td width=\"228\">ATIKPATI Akomola<\/td>\n<\/tr>\n<tr>\n<td width=\"214\">Le projet <strong>\u00f4man il\u00e9 iw\u00e9<\/strong> \u00e0 GOUBI<\/td>\n<td width=\"177\">Appuyer les \u00e9coles de la localit\u00e9 en mat\u00e9riels didactiques<\/td>\n<td width=\"228\">Kassogbon CAPITAINE<\/td>\n<\/tr>\n<tr>\n<td width=\"214\">Le projet\u00a0 champ\u00eatre<\/td>\n<td width=\"177\">Faire un champ au nom de l\u2019Association en vue de g\u00e9n\u00e9rer des ressources financi\u00e8res pouvant permettre d&rsquo;ex\u00e9cuter les autres projets<\/td>\n<td width=\"228\">ODOHI Soufianou<\/td>\n<\/tr>\n<tr>\n<td width=\"214\">Le projet <strong>Idj\u00f4 \u00e0n\u00e0<\/strong> &amp; festival \u00e0n\u00e0<\/td>\n<td width=\"177\">Valoriser les danses traditionnelles\u00a0 ANA par les prestations \u00e0 Lom\u00e9 et encourager les groupes de danses des localit\u00e9s Ana.<\/td>\n<td width=\"228\">AKABATAN Modoukp\u00e8,<\/p>\n<p>ADJIBABA Y\u00e9ofoumi Togni,<\/p>\n<p>AGBEDE Kagnid\u00e9 (Oman\u00a0 m\u00e9ji)<\/td>\n<\/tr>\n<tr>\n<td width=\"214\">Le projet <strong>Igbo \u00e0n\u00e0<\/strong><\/td>\n<td width=\"177\">Cr\u00e9er une for\u00eat ana contenant des esp\u00e8ces d\u2019arbres en vue de p\u00e9renniser les valeurs culturelles Ana.<\/td>\n<td width=\"228\">SOUMAILA Ad\u00e9bayo,<\/p>\n<p>ATTY Adidja,<\/p>\n<p>ODOHI Soufianou<\/td>\n<\/tr>\n<tr>\n<td width=\"214\">Le projet <strong>Ka l\u00e8 \u00e9gi<\/strong><\/td>\n<td width=\"177\">Faire reboiser les 1er Juin\u00a0 de chaque Ann\u00e9e dans les villages Ana.<\/td>\n<td width=\"228\">Akomola ATIKPATI<\/td>\n<\/tr>\n<tr>\n<td width=\"214\">Le \u00ab\u00a0Camp Ana\u00a0\u00bb<\/td>\n<td width=\"177\">Organiser un camp pour l\u2019apprentissage de la langue \u00e0n\u00e0 aux enfants r\u00e9sidents \u00e0 Lom\u00e9 ne comprenant ou ne maitrisant pas la langue Ana<\/td>\n<td width=\"228\">Membres \u00e0 Lom\u00e9<\/td>\n<\/tr>\n<\/tbody>\n<\/table>\n","protected":false},"excerpt":{"rendered":"<p>PROJETS OBJECTIS RESPONSABLES Le projet de cr\u00e9ation de l&rsquo;Acad\u00e9mie ANA Cr\u00e9er l\u2019acad\u00e9mie Ana, un cadre de r\u00e9flexion et de perfection de la langue Ana ATIKPATI Akomola Le projet \u00f4man il\u00e9 iw\u00e9 \u00e0 GOUBI Appuyer les \u00e9coles de la localit\u00e9 en mat\u00e9riels didactiques Kassogbon CAPITAINE Le projet\u00a0 champ\u00eatre Faire un champ au nom de l\u2019Association en [&hellip;]<\/p>\n","protected":false},"author":1,"featured_media":287,"parent":0,"menu_order":0,"comment_status":"closed","ping_status":"open","template":"","meta":{"footnotes":""},"_links":{"self":[{"href":"http:\/\/kafoana.org\/index.php\/wp-json\/wp\/v2\/pages\/43"}],"collection":[{"href":"http:\/\/kafoana.org\/index.php\/wp-json\/wp\/v2\/pages"}],"about":[{"href":"http:\/\/kafoana.org\/index.php\/wp-json\/wp\/v2\/types\/page"}],"author":[{"embeddable":true,"href":"http:\/\/kafoana.org\/index.php\/wp-json\/wp\/v2\/users\/1"}],"replies":[{"embeddable":true,"href":"http:\/\/kafoana.org\/index.php\/wp-json\/wp\/v2\/comments?post=43"}],"version-history":[{"count":5,"href":"http:\/\/kafoana.org\/index.php\/wp-json\/wp\/v2\/pages\/43\/revisions"}],"predecessor-version":[{"id":290,"href":"http:\/\/kafoana.org\/index.php\/wp-json\/wp\/v2\/pages\/43\/revisions\/290"}],"wp:featuredmedia":[{"embeddable":true,"href":"http:\/\/kafoana.org\/index.php\/wp-json\/wp\/v2\/media\/287"}],"wp:attachment":[{"href":"http:\/\/kafoana.org\/index.php\/wp-json\/wp\/v2\/media?parent=43"}],"curies":[{"name":"wp","href":"https:\/\/api.w.org\/{rel}","templated":true}]}}